{"id":204,"date":"2016-12-14T14:58:38","date_gmt":"2016-12-14T14:58:38","guid":{"rendered":"https:\/\/www.tatin-furniture.com\/?page_id=204"},"modified":"2022-07-09T01:13:25","modified_gmt":"2022-07-09T01:13:25","slug":"about","status":"publish","type":"page","link":"https:\/\/tat.big-mo.de\/en\/about\/","title":{"rendered":"Wer sind wir"},"content":{"rendered":"<div class=\"vc_row wpb_row vc_row-fluid\"><div class=\"wpb_column vc_column_container vc_col-sm-12 sc_layouts_column_icons_position_left\"><div class=\"vc_column-inner\"><div class=\"wpb_wrapper\"><div  id=\"sc_promo_311797022\" \n\tclass=\"sc_promo clearfix sc_promo_modern sc_promo_size_normal sc_promo_image_position_left\"\n\t\t><div class=\"sc_promo_image_wrap\" style=\"width:58.33333333%;left: 0;\"><div class=\"sc_promo_image\" style=\"background-image:url(https:\/\/tat.big-mo.de\/wp-content\/uploads\/2022\/07\/vecteezy_interior-of-a-modern-room.jpg);\"><\/div><\/div><div class=\"sc_promo_text\" style=\"width: 68.5%;float: right;\">\n\t\t\t<div class=\"sc_promo_text_inner\" style=\"background-color:#f0ed98;\"><div class=\"sc_title_container\"><h3 class=\"sc_item_title sc_promo_title sc_align_default sc_item_title_style_default\">Willkommen im Tatin-Shop<\/h3><div class=\"sc_item_descr sc_promo_descr sc_align_default\">Tatin Store ist einer der wichtigsten Gesch\u00e4fte f\u00fcr t\u00fcrkische M\u00f6bel in Istanbul, wir bieten Ihnen unsere Dienstleistungen mit mehr als zehn Jahren Erfahrung, Lieferung in alle t\u00fcrkischen St\u00e4dte und in die ganze Welt<\/div><\/div><div class=\"sc_item_button sc_item_button_simple sc_promo_button sc_align_default sc_button_wrap\"><a href=\"https:\/\/www.tatin-furniture.com\/contacts\/\" id=\"sc_button_1659554817\" class=\"sc_button sc_button_simple sc_button_size_normal sc_button_icon_left\"><span class=\"sc_button_text\"><span class=\"sc_button_title\">Kontaktiere uns<\/span><\/span><!-- \/.sc_button_text --><\/a><!-- \/.sc_button --><\/div><!-- \/.sc_item_button sc_item_button_simple sc_promo_button sc_align_default --><\/div><div class=\"sc_promo_text2\">\t\t<\/div><!-- \/.sc_promo_text -->\n        <\/div><\/div><!-- \/.sc_promo --><div class=\"vc_empty_space  height_huge\"   style=\"height: 32px\"><span class=\"vc_empty_space_inner\"><\/span><\/div><\/div><\/div><\/div><\/div><div data-vc-full-width=\"true\" data-vc-full-width-init=\"false\" class=\"vc_row wpb_row vc_row-fluid vc_custom_1657296503919 vc_row-has-fill\"><div class=\"wpb_column vc_column_container vc_col-sm-12 sc_layouts_column_icons_position_left\"><div class=\"vc_column-inner\"><div class=\"wpb_wrapper\"><div class=\"vc_empty_space  height_huge_plus\"   style=\"height: 32px\"><span class=\"vc_empty_space_inner\"><\/span><\/div><\/div><\/div><\/div><div class=\"wpb_column vc_column_container vc_col-sm-6 sc_layouts_column_icons_position_left\"><div class=\"vc_column-inner\"><div class=\"wpb_wrapper\"><div  id=\"sc_action_1627950007\" \r\n\tclass=\"sc_action sc_action_light\" data-slides-min-width=\"250\"\t><div class=\"sc_action_content sc_item_content\"><div class=\"sc_action_item sc_action_item_light sc_action_item_mc\">\r\n\t\t\t<h3 class=\"sc_action_item_title\"><span>Hochwertige Dienstleistungen<\/span><\/h3><div class=\"sc_action_item_description\"><span>Tatins Mission ist es, universelle Werte mit Kreativit\u00e4t zu verbinden, damit seine Kunden Stil in die R\u00e4ume ihres Zuhauses integrieren k\u00f6nnen. Mit einem starken Fokus auf Innovation als Kernwert in seinem Managementstil hat es sich mittlerweile zu einer der beliebtesten M\u00f6belmarken in der T\u00fcrkei entwickelt.<\/span><\/div><a href=\"https:\/\/www.tatin-furniture.com\/contacts\/\" class=\"sc_action_item_link\">Kontaktiere uns<\/a><\/div><\/div><\/div><!-- \/.sc_action --><\/div><\/div><\/div><div class=\"wpb_column vc_column_container vc_col-sm-6 sc_layouts_column_icons_position_left\"><div class=\"vc_column-inner\"><div class=\"wpb_wrapper\"><div class=\"sc_services sc_services_inverse\"data-slides-per-view=\"3\" data-slides-min-width=\"200\"\t\t>\n\t\t<div class=\"sc_services_columns sc_item_columns sc_item_columns_3 trx_addons_columns_wrap columns_padding_bottom\" data-equal-height=\".trx_addons_column-1_3\"><div class=\"trx_addons_column-1_3\"><div class=\"sc_services_item without_content with_icon sc_services_item_featured_top\">\n\t<a href=\"https:\/\/tat.big-mo.de\/en\/services\/%d8%ba%d8%b1%d9%81-%d8%a3%d8%b7%d9%81%d8%a7%d9%84\/\"\n\t\t\t id=\"sc_services_3385148_icon-icon1\"\n\t\t\t class=\"sc_services_item_icon icon-icon1\"\n\t\t\t ><\/a>\t\n\t<div class=\"sc_services_item_info\">\n\t\t<div class=\"sc_services_item_header\">\n\t\t\t<h4 class=\"sc_services_item_title\"><a href=\"https:\/\/tat.big-mo.de\/en\/services\/%d8%ba%d8%b1%d9%81-%d8%a3%d8%b7%d9%81%d8%a7%d9%84\/\">Kinderzimmer<\/a><\/h4>\n\t\t\t<div class=\"sc_services_item_subtitle\"><a href=\"https:\/\/tat.big-mo.de\/en\/services_group\/our-services\/\" title=\"View all posts in Our Services\">Our Services<\/a><\/div>\n\t\t<\/div>\n\t\t\t<\/div>\n<\/div>\n<\/div><div class=\"trx_addons_column-1_3\"><div class=\"sc_services_item without_content with_icon sc_services_item_featured_top\">\n\t<a href=\"https:\/\/tat.big-mo.de\/en\/services\/%d8%ba%d8%b1%d9%81-%d8%ac%d9%84%d9%88%d8%b3\/\"\n\t\t\t id=\"sc_services_3385148_icon-icon2\"\n\t\t\t class=\"sc_services_item_icon icon-icon2\"\n\t\t\t ><\/a>\t\n\t<div class=\"sc_services_item_info\">\n\t\t<div class=\"sc_services_item_header\">\n\t\t\t<h4 class=\"sc_services_item_title\"><a href=\"https:\/\/tat.big-mo.de\/en\/services\/%d8%ba%d8%b1%d9%81-%d8%ac%d9%84%d9%88%d8%b3\/\">Wohnzimmer<\/a><\/h4>\n\t\t\t<div class=\"sc_services_item_subtitle\"><a href=\"https:\/\/tat.big-mo.de\/en\/services_group\/our-services\/\" title=\"View all posts in Our Services\">Our Services<\/a><\/div>\n\t\t<\/div>\n\t\t\t<\/div>\n<\/div>\n<\/div><div class=\"trx_addons_column-1_3\"><div class=\"sc_services_item without_content with_icon sc_services_item_featured_top\">\n\t<a href=\"https:\/\/tat.big-mo.de\/en\/services\/%d8%a3%d8%b7%d9%82%d9%85-%d8%b3%d9%81%d8%b1%d8%a9\/\"\n\t\t\t id=\"sc_services_3385148_icon-home-alt\"\n\t\t\t class=\"sc_services_item_icon icon-home-alt\"\n\t\t\t ><\/a>\t\n\t<div class=\"sc_services_item_info\">\n\t\t<div class=\"sc_services_item_header\">\n\t\t\t<h4 class=\"sc_services_item_title\"><a href=\"https:\/\/tat.big-mo.de\/en\/services\/%d8%a3%d8%b7%d9%82%d9%85-%d8%b3%d9%81%d8%b1%d8%a9\/\">Ess-Sets<\/a><\/h4>\n\t\t\t<div class=\"sc_services_item_subtitle\"><a href=\"https:\/\/tat.big-mo.de\/en\/services_group\/our-services\/\" title=\"View all posts in Our Services\">Our Services<\/a><\/div>\n\t\t<\/div>\n\t\t\t<\/div>\n<\/div>\n<\/div><div class=\"trx_addons_column-1_3\"><div class=\"sc_services_item without_content with_icon sc_services_item_featured_top\">\n\t<a href=\"https:\/\/tat.big-mo.de\/en\/services\/%d8%ba%d8%b1%d9%81-%d8%a7%d9%84%d9%86%d9%88%d9%85\/\"\n\t\t\t id=\"sc_services_3385148_icon-icon3\"\n\t\t\t class=\"sc_services_item_icon icon-icon3\"\n\t\t\t ><\/a>\t\n\t<div class=\"sc_services_item_info\">\n\t\t<div class=\"sc_services_item_header\">\n\t\t\t<h4 class=\"sc_services_item_title\"><a href=\"https:\/\/tat.big-mo.de\/en\/services\/%d8%ba%d8%b1%d9%81-%d8%a7%d9%84%d9%86%d9%88%d9%85\/\">Schlafzimmer<\/a><\/h4>\n\t\t\t<div class=\"sc_services_item_subtitle\"><a href=\"https:\/\/tat.big-mo.de\/en\/services_group\/our-services\/\" title=\"View all posts in Our Services\">Our Services<\/a><\/div>\n\t\t<\/div>\n\t\t\t<\/div>\n<\/div>\n<\/div><div class=\"trx_addons_column-1_3\"><div class=\"sc_services_item without_content with_icon sc_services_item_featured_top\">\n\t<a href=\"https:\/\/tat.big-mo.de\/en\/services\/%d8%ba%d8%b1%d9%81-%d9%85%d9%84%d9%83%d9%8a%d8%a9\/\"\n\t\t\t id=\"sc_services_3385148_icon-icon5\"\n\t\t\t class=\"sc_services_item_icon icon-icon5\"\n\t\t\t ><\/a>\t\n\t<div class=\"sc_services_item_info\">\n\t\t<div class=\"sc_services_item_header\">\n\t\t\t<h4 class=\"sc_services_item_title\"><a href=\"https:\/\/tat.big-mo.de\/en\/services\/%d8%ba%d8%b1%d9%81-%d9%85%d9%84%d9%83%d9%8a%d8%a9\/\">K\u00f6nigliche Zimmer<\/a><\/h4>\n\t\t\t<div class=\"sc_services_item_subtitle\"><a href=\"https:\/\/tat.big-mo.de\/en\/services_group\/our-services\/\" title=\"View all posts in Our Services\">Our Services<\/a><\/div>\n\t\t<\/div>\n\t\t\t<\/div>\n<\/div>\n<\/div><div class=\"trx_addons_column-1_3\"><a class = \"sc_services_large_button\" href=\"https:\/\/www.tatin-furniture.com\/services-page\/\"><span>Mehr Dienstleistungen<\/span><\/a><\/div><\/div><\/div><!-- \/.sc_services --><\/div><\/div><\/div><div class=\"wpb_column vc_column_container vc_col-sm-12 sc_layouts_column_icons_position_left\"><div class=\"vc_column-inner\"><div class=\"wpb_wrapper\"><div class=\"vc_empty_space  height_large_plus\"   style=\"height: 32px\"><span class=\"vc_empty_space_inner\"><\/span><\/div><\/div><\/div><\/div><\/div><div class=\"vc_row-full-width vc_clearfix\"><\/div><div data-vc-full-width=\"true\" data-vc-full-width-init=\"false\" class=\"vc_row wpb_row vc_row-fluid vc_custom_1482144038128 vc_row-has-fill\"><div class=\"wpb_column vc_column_container vc_col-sm-12 sc_layouts_column_icons_position_left\"><div class=\"vc_column-inner\"><div class=\"wpb_wrapper\"><div class=\"vc_empty_space  height_huge_minus\"   style=\"height: 32px\"><span class=\"vc_empty_space_inner\"><\/span><\/div><div id=\"sc_title_657773014\"\r\n\t\tclass=\"sc_title sc_title_default\"><div class=\"sc_title_container\"><h6 class=\"sc_item_subtitle sc_title_subtitle sc_align_default sc_item_title_style_default\">Why Choose Us<\/h6><\/div><\/div><!-- \/.sc_title --><\/div><\/div><\/div><div class=\"wpb_column vc_column_container vc_col-sm-5 sc_layouts_column_icons_position_left\"><div class=\"vc_column-inner\"><div class=\"wpb_wrapper\">\n\t<div class=\"wpb_text_column wpb_content_element\" >\n\t\t<div class=\"wpb_wrapper\">\n\t\t\t<h4 style=\"direction: rtl; text-align: left;\">Unsere M\u00f6beltypen<\/h4>\n<p style=\"text-align: left;\">Schlafzimmer-Sets<br \/>\nWohnzimmer-Sets<br \/>\nKinderzimmer-Sets<br \/>\nEsszimmer<br \/>\nB\u00fcrom\u00f6bel<br \/>\nSchr\u00e4nke aller Art<br \/>\nRestaurant- und Hotelausstattung<br \/>\nGardinen und Teppiche<br \/>\nHeimzubeh\u00f6r<br \/>\nBadezimmerm\u00f6bel<\/p>\n\n\t\t<\/div>\n\t<\/div>\n<div class=\"vc_empty_space  height_large_minus\"   style=\"height: 32px\"><span class=\"vc_empty_space_inner\"><\/span><\/div><\/div><\/div><\/div><div class=\"wpb_column vc_column_container vc_col-sm-7 sc_layouts_column_icons_position_left\"><div class=\"vc_column-inner\"><div class=\"wpb_wrapper\"><div class=\"vc_empty_space  height_tiny\"   style=\"height: 32px\"><span class=\"vc_empty_space_inner\"><\/span><\/div>\n\t<div  class=\"wpb_single_image wpb_content_element vc_align_left\">\n\t\t\n\t\t<figure class=\"wpb_wrapper vc_figure\">\n\t\t\t<div class=\"vc_single_image-wrapper   vc_box_border_grey\"><img width=\"736\" height=\"829\" src=\"https:\/\/tat.big-mo.de\/wp-content\/uploads\/2022\/07\/\u063a\u0631\u0641\u0629-\u062c\u0644\u0648\u0633-\u0645\u0644\u0643\u064a\u0629-4-copy.jpg\" class=\"vc_single_image-img attachment-large\" alt=\"\" decoding=\"async\" loading=\"lazy\" title=\"\u063a\u0631\u0641\u0629-\u062c\u0644\u0648\u0633-\u0645\u0644\u0643\u064a\u0629-4 copy\" srcset=\"https:\/\/tat.big-mo.de\/wp-content\/uploads\/2022\/07\/\u063a\u0631\u0641\u0629-\u062c\u0644\u0648\u0633-\u0645\u0644\u0643\u064a\u0629-4-copy.jpg 736w, https:\/\/tat.big-mo.de\/wp-content\/uploads\/2022\/07\/\u063a\u0631\u0641\u0629-\u062c\u0644\u0648\u0633-\u0645\u0644\u0643\u064a\u0629-4-copy-266x300.jpg 266w, https:\/\/tat.big-mo.de\/wp-content\/uploads\/2022\/07\/\u063a\u0631\u0641\u0629-\u062c\u0644\u0648\u0633-\u0645\u0644\u0643\u064a\u0629-4-copy-370x417.jpg 370w\" sizes=\"(max-width: 736px) 100vw, 736px\" \/><\/div>\n\t\t<\/figure>\n\t<\/div>\n<\/div><\/div><\/div><div class=\"wpb_column vc_column_container vc_col-sm-12 sc_layouts_column_icons_position_left\"><div class=\"vc_column-inner\"><div class=\"wpb_wrapper\"><div class=\"vc_empty_space  height_huge\"   style=\"height: 32px\"><span class=\"vc_empty_space_inner\"><\/span><\/div><\/div><\/div><\/div><\/div><div class=\"vc_row-full-width vc_clearfix\"><\/div><div class=\"vc_row wpb_row vc_row-fluid\"><div class=\"wpb_column vc_column_container vc_col-sm-12 sc_layouts_column_icons_position_left\"><div class=\"vc_column-inner\"><div class=\"wpb_wrapper\"><div  id=\"sc_action_664362655\" \n\tclass=\"sc_action sc_action_simple\" data-slides-min-width=\"250\"\t><div class=\"sc_action_content sc_item_content\"><div class=\"sc_action_item sc_action_item_simple sc_action_item_ml\">\n\t\t\t <div class=\"sc_action_item_header\"><h3 class=\"sc_action_item_title\"><span>Ben\u00f6tigen Sie weitere Informationen?<\/span><\/h3><div class=\"sc_action_item_description\"><span>Buchen Sie Ihren Termin, damit sich unser spezialisiertes Team mit Ihnen in Verbindung setzt, um Sie \u00fcber die besten M\u00f6beloptionen f\u00fcr Ihr Zuhause zu beraten<\/span><\/div><\/div><a href=\"https:\/\/www.tatin-furniture.com\/appointments\/\" class=\"sc_action_item_link\">Vereinbare einen Termin<\/a><\/div><\/div><\/div><!-- \/.sc_action --><\/div><\/div><\/div><\/div>","protected":false},"excerpt":{"rendered":"","protected":false},"author":1,"featured_media":0,"parent":0,"menu_order":0,"comment_status":"closed","ping_status":"closed","template":"","meta":[],"_links":{"self":[{"href":"https:\/\/tat.big-mo.de\/en\/wp-json\/wp\/v2\/pages\/204"}],"collection":[{"href":"https:\/\/tat.big-mo.de\/en\/wp-json\/wp\/v2\/pages"}],"about":[{"href":"https:\/\/tat.big-mo.de\/en\/wp-json\/wp\/v2\/types\/page"}],"author":[{"embeddable":true,"href":"https:\/\/tat.big-mo.de\/en\/wp-json\/wp\/v2\/users\/1"}],"replies":[{"embeddable":true,"href":"https:\/\/tat.big-mo.de\/en\/wp-json\/wp\/v2\/comments?post=204"}],"version-history":[{"count":12,"href":"https:\/\/tat.big-mo.de\/en\/wp-json\/wp\/v2\/pages\/204\/revisions"}],"predecessor-version":[{"id":1763,"href":"https:\/\/tat.big-mo.de\/en\/wp-json\/wp\/v2\/pages\/204\/revisions\/1763"}],"wp:attachment":[{"href":"https:\/\/tat.big-mo.de\/en\/wp-json\/wp\/v2\/media?parent=204"}],"curies":[{"name":"wp","href":"https:\/\/api.w.org\/{rel}","templated":true}]}}