{"id":1740,"date":"2022-07-08T22:15:19","date_gmt":"2022-07-08T22:15:19","guid":{"rendered":"http:\/\/tat.big-mo.de\/?page_id=1740"},"modified":"2022-07-09T01:16:34","modified_gmt":"2022-07-09T01:16:34","slug":"%d9%85%d9%86%d8%aa%d8%ac%d8%a7%d8%aa%d9%86%d8%a7","status":"publish","type":"page","link":"https:\/\/tat.big-mo.de\/en\/%d9%85%d9%86%d8%aa%d8%ac%d8%a7%d8%aa%d9%86%d8%a7\/","title":{"rendered":"Unsere Produkte"},"content":{"rendered":"<div class=\"vc_row wpb_row vc_row-fluid\"><div class=\"wpb_column vc_column_container vc_col-sm-12 sc_layouts_column_icons_position_left\"><div class=\"vc_column-inner\"><div class=\"wpb_wrapper\"><div class=\"woocommerce columns-3\"><ul class=\"products columns-3\">\n<li class=\"product-category product first\">\n\t\t\t<div class=\"post_item post_layout_thumbs\">\n\t\t\t<div class=\"post_featured hover_shop\">\n\t\t\t\t<a href=\"https:\/\/tat.big-mo.de\/en\/product-category\/%d8%ba%d8%b1%d9%81-%d9%86%d9%88%d9%85\/\">\n\t\t\t\t\t\t<\/a>\n\t\t\t\t<div class=\"mask\"><\/div>\t\t\t<div class=\"icons\">\n\t\t\t\t<a href=\"https:\/\/tat.big-mo.de\/en\/product-category\/%d8%ba%d8%b1%d9%81-%d9%86%d9%88%d9%85\/\" aria-hidden=\"true\" class=\"shop_link button icon-link\"><\/a>\n\t\t\t<\/div>\n\t\t\t\t\t\t<\/div><!-- \/.post_featured -->\n\t\t\t<div class=\"post_data\">\n\t\t\t\t<div class=\"post_header entry-header\">\n\t\t\t\t        <h2 class=\"woocommerce-loop-category__title\">\n        <a href=\"https:\/\/tat.big-mo.de\/en\/product-category\/%d8%ba%d8%b1%d9%81-%d9%86%d9%88%d9%85\/\">Schlafzimmer<\/a> <mark class=\"count\">(10)<\/mark>        <\/h2>\t\t\t<\/div><!-- \/.post_header -->\n\t\t\t\t\t<\/div><!-- \/.post_data -->\n\t\t<\/div><!-- \/.post_item -->\n\t\t<\/li>\n<li class=\"product-category product\">\n\t\t\t<div class=\"post_item post_layout_thumbs\">\n\t\t\t<div class=\"post_featured hover_shop\">\n\t\t\t\t<a href=\"https:\/\/tat.big-mo.de\/en\/product-category\/%d8%ba%d8%b1%d9%81-%d8%ac%d9%84%d9%88%d8%b3\/\">\n\t\t\t\t\t\t<\/a>\n\t\t\t\t<div class=\"mask\"><\/div>\t\t\t<div class=\"icons\">\n\t\t\t\t<a href=\"https:\/\/tat.big-mo.de\/en\/product-category\/%d8%ba%d8%b1%d9%81-%d8%ac%d9%84%d9%88%d8%b3\/\" aria-hidden=\"true\" class=\"shop_link button icon-link\"><\/a>\n\t\t\t<\/div>\n\t\t\t\t\t\t<\/div><!-- \/.post_featured -->\n\t\t\t<div class=\"post_data\">\n\t\t\t\t<div class=\"post_header entry-header\">\n\t\t\t\t        <h2 class=\"woocommerce-loop-category__title\">\n        <a href=\"https:\/\/tat.big-mo.de\/en\/product-category\/%d8%ba%d8%b1%d9%81-%d8%ac%d9%84%d9%88%d8%b3\/\">Wohnzimmer<\/a> <mark class=\"count\">(8)<\/mark>        <\/h2>\t\t\t<\/div><!-- \/.post_header -->\n\t\t\t\t\t<\/div><!-- \/.post_data -->\n\t\t<\/div><!-- \/.post_item -->\n\t\t<\/li>\n<li class=\"product-category product last\">\n\t\t\t<div class=\"post_item post_layout_thumbs\">\n\t\t\t<div class=\"post_featured hover_shop\">\n\t\t\t\t<a href=\"https:\/\/tat.big-mo.de\/en\/product-category\/%d8%ba%d8%b1%d9%81-%d8%a3%d8%b7%d9%81%d8%a7%d9%84\/\">\n\t\t\t\t\t\t<\/a>\n\t\t\t\t<div class=\"mask\"><\/div>\t\t\t<div class=\"icons\">\n\t\t\t\t<a href=\"https:\/\/tat.big-mo.de\/en\/product-category\/%d8%ba%d8%b1%d9%81-%d8%a3%d8%b7%d9%81%d8%a7%d9%84\/\" aria-hidden=\"true\" class=\"shop_link button icon-link\"><\/a>\n\t\t\t<\/div>\n\t\t\t\t\t\t<\/div><!-- \/.post_featured -->\n\t\t\t<div class=\"post_data\">\n\t\t\t\t<div class=\"post_header entry-header\">\n\t\t\t\t        <h2 class=\"woocommerce-loop-category__title\">\n        <a href=\"https:\/\/tat.big-mo.de\/en\/product-category\/%d8%ba%d8%b1%d9%81-%d8%a3%d8%b7%d9%81%d8%a7%d9%84\/\">Kinderzimmer<\/a> <mark class=\"count\">(4)<\/mark>        <\/h2>\t\t\t<\/div><!-- \/.post_header -->\n\t\t\t\t\t<\/div><!-- \/.post_data -->\n\t\t<\/div><!-- \/.post_item -->\n\t\t<\/li>\n<li class=\"product-category product first\">\n\t\t\t<div class=\"post_item post_layout_thumbs\">\n\t\t\t<div class=\"post_featured hover_shop\">\n\t\t\t\t<a href=\"https:\/\/tat.big-mo.de\/en\/product-category\/%d9%85%d8%af-%d8%b9%d8%b1%d8%a8%d9%8a\/\">\n\t\t\t\t\t\t<\/a>\n\t\t\t\t<div class=\"mask\"><\/div>\t\t\t<div class=\"icons\">\n\t\t\t\t<a href=\"https:\/\/tat.big-mo.de\/en\/product-category\/%d9%85%d8%af-%d8%b9%d8%b1%d8%a8%d9%8a\/\" aria-hidden=\"true\" class=\"shop_link button icon-link\"><\/a>\n\t\t\t<\/div>\n\t\t\t\t\t\t<\/div><!-- \/.post_featured -->\n\t\t\t<div class=\"post_data\">\n\t\t\t\t<div class=\"post_header entry-header\">\n\t\t\t\t        <h2 class=\"woocommerce-loop-category__title\">\n        <a href=\"https:\/\/tat.big-mo.de\/en\/product-category\/%d9%85%d8%af-%d8%b9%d8%b1%d8%a8%d9%8a\/\">Arabische Flut<\/a> <mark class=\"count\">(11)<\/mark>        <\/h2>\t\t\t<\/div><!-- \/.post_header -->\n\t\t\t\t\t<\/div><!-- \/.post_data -->\n\t\t<\/div><!-- \/.post_item -->\n\t\t<\/li>\n<li class=\"product-category product\">\n\t\t\t<div class=\"post_item post_layout_thumbs\">\n\t\t\t<div class=\"post_featured hover_shop\">\n\t\t\t\t<a href=\"https:\/\/tat.big-mo.de\/en\/product-category\/%d8%a5%d9%83%d8%b3%d8%b3%d9%88%d8%a7%d8%b1%d8%a7%d8%aa\/\">\n\t\t\t\t\t\t<\/a>\n\t\t\t\t<div class=\"mask\"><\/div>\t\t\t<div class=\"icons\">\n\t\t\t\t<a href=\"https:\/\/tat.big-mo.de\/en\/product-category\/%d8%a5%d9%83%d8%b3%d8%b3%d9%88%d8%a7%d8%b1%d8%a7%d8%aa\/\" aria-hidden=\"true\" class=\"shop_link button icon-link\"><\/a>\n\t\t\t<\/div>\n\t\t\t\t\t\t<\/div><!-- \/.post_featured -->\n\t\t\t<div class=\"post_data\">\n\t\t\t\t<div class=\"post_header entry-header\">\n\t\t\t\t        <h2 class=\"woocommerce-loop-category__title\">\n        <a href=\"https:\/\/tat.big-mo.de\/en\/product-category\/%d8%a5%d9%83%d8%b3%d8%b3%d9%88%d8%a7%d8%b1%d8%a7%d8%aa\/\">Zubeh\u00f6r<\/a> <mark class=\"count\">(6)<\/mark>        <\/h2>\t\t\t<\/div><!-- \/.post_header -->\n\t\t\t\t\t<\/div><!-- \/.post_data -->\n\t\t<\/div><!-- \/.post_item -->\n\t\t<\/li>\n<li class=\"product-category product last\">\n\t\t\t<div class=\"post_item post_layout_thumbs\">\n\t\t\t<div class=\"post_featured hover_shop\">\n\t\t\t\t<a href=\"https:\/\/tat.big-mo.de\/en\/product-category\/%d8%ba%d8%b1%d9%81-%d9%85%d9%84%d9%83%d9%8a%d8%a9\/\">\n\t\t\t\t\t\t<\/a>\n\t\t\t\t<div class=\"mask\"><\/div>\t\t\t<div class=\"icons\">\n\t\t\t\t<a href=\"https:\/\/tat.big-mo.de\/en\/product-category\/%d8%ba%d8%b1%d9%81-%d9%85%d9%84%d9%83%d9%8a%d8%a9\/\" aria-hidden=\"true\" class=\"shop_link button icon-link\"><\/a>\n\t\t\t<\/div>\n\t\t\t\t\t\t<\/div><!-- \/.post_featured -->\n\t\t\t<div class=\"post_data\">\n\t\t\t\t<div class=\"post_header entry-header\">\n\t\t\t\t        <h2 class=\"woocommerce-loop-category__title\">\n        <a href=\"https:\/\/tat.big-mo.de\/en\/product-category\/%d8%ba%d8%b1%d9%81-%d9%85%d9%84%d9%83%d9%8a%d8%a9\/\">K\u00f6nigliche Zimmer<\/a> <mark class=\"count\">(5)<\/mark>        <\/h2>\t\t\t<\/div><!-- \/.post_header -->\n\t\t\t\t\t<\/div><!-- \/.post_data -->\n\t\t<\/div><!-- \/.post_item -->\n\t\t<\/li>\n<li class=\"product-category product first\">\n\t\t\t<div class=\"post_item post_layout_thumbs\">\n\t\t\t<div class=\"post_featured hover_shop\">\n\t\t\t\t<a href=\"https:\/\/tat.big-mo.de\/en\/product-category\/%d8%a3%d8%b7%d9%82%d9%85-%d8%b3%d9%81%d8%b1%d8%a9\/\">\n\t\t\t\t\t\t<\/a>\n\t\t\t\t<div class=\"mask\"><\/div>\t\t\t<div class=\"icons\">\n\t\t\t\t<a href=\"https:\/\/tat.big-mo.de\/en\/product-category\/%d8%a3%d8%b7%d9%82%d9%85-%d8%b3%d9%81%d8%b1%d8%a9\/\" aria-hidden=\"true\" class=\"shop_link button icon-link\"><\/a>\n\t\t\t<\/div>\n\t\t\t\t\t\t<\/div><!-- \/.post_featured -->\n\t\t\t<div class=\"post_data\">\n\t\t\t\t<div class=\"post_header entry-header\">\n\t\t\t\t        <h2 class=\"woocommerce-loop-category__title\">\n        <a href=\"https:\/\/tat.big-mo.de\/en\/product-category\/%d8%a3%d8%b7%d9%82%d9%85-%d8%b3%d9%81%d8%b1%d8%a9\/\">Ess-Sets<\/a> <mark class=\"count\">(5)<\/mark>        <\/h2>\t\t\t<\/div><!-- \/.post_header -->\n\t\t\t\t\t<\/div><!-- \/.post_data -->\n\t\t<\/div><!-- \/.post_item -->\n\t\t<\/li>\n<li class=\"product-category product\">\n\t\t\t<div class=\"post_item post_layout_thumbs\">\n\t\t\t<div class=\"post_featured hover_shop\">\n\t\t\t\t<a href=\"https:\/\/tat.big-mo.de\/en\/product-category\/%d8%b3%d8%aa%d8%a7%d8%a6%d8%b1\/\">\n\t\t\t\t\t\t<\/a>\n\t\t\t\t<div class=\"mask\"><\/div>\t\t\t<div class=\"icons\">\n\t\t\t\t<a href=\"https:\/\/tat.big-mo.de\/en\/product-category\/%d8%b3%d8%aa%d8%a7%d8%a6%d8%b1\/\" aria-hidden=\"true\" class=\"shop_link button icon-link\"><\/a>\n\t\t\t<\/div>\n\t\t\t\t\t\t<\/div><!-- \/.post_featured -->\n\t\t\t<div class=\"post_data\">\n\t\t\t\t<div class=\"post_header entry-header\">\n\t\t\t\t        <h2 class=\"woocommerce-loop-category__title\">\n        <a href=\"https:\/\/tat.big-mo.de\/en\/product-category\/%d8%b3%d8%aa%d8%a7%d8%a6%d8%b1\/\">Vorh\u00e4nge<\/a> <mark class=\"count\">(6)<\/mark>        <\/h2>\t\t\t<\/div><!-- \/.post_header -->\n\t\t\t\t\t<\/div><!-- \/.post_data -->\n\t\t<\/div><!-- \/.post_item -->\n\t\t<\/li>\n<\/ul>\n<\/div><\/div><\/div><\/div><\/div>","protected":false},"excerpt":{"rendered":"Schlafzimmer (10) Wohnzimmer (8) Kinderzimmer (4) Arabische Flut (11) Zubeh\u00f6r (6) K\u00f6nigliche Zimmer (5) Ess-Sets (5) Vorh\u00e4nge (6)","protected":false},"author":1,"featured_media":0,"parent":0,"menu_order":0,"comment_status":"closed","ping_status":"closed","template":"","meta":[],"_links":{"self":[{"href":"https:\/\/tat.big-mo.de\/en\/wp-json\/wp\/v2\/pages\/1740"}],"collection":[{"href":"https:\/\/tat.big-mo.de\/en\/wp-json\/wp\/v2\/pages"}],"about":[{"href":"https:\/\/tat.big-mo.de\/en\/wp-json\/wp\/v2\/types\/page"}],"author":[{"embeddable":true,"href":"https:\/\/tat.big-mo.de\/en\/wp-json\/wp\/v2\/users\/1"}],"replies":[{"embeddable":true,"href":"https:\/\/tat.big-mo.de\/en\/wp-json\/wp\/v2\/comments?post=1740"}],"version-history":[{"count":3,"href":"https:\/\/tat.big-mo.de\/en\/wp-json\/wp\/v2\/pages\/1740\/revisions"}],"predecessor-version":[{"id":1766,"href":"https:\/\/tat.big-mo.de\/en\/wp-json\/wp\/v2\/pages\/1740\/revisions\/1766"}],"wp:attachment":[{"href":"https:\/\/tat.big-mo.de\/en\/wp-json\/wp\/v2\/media?parent=1740"}],"curies":[{"name":"wp","href":"https:\/\/api.w.org\/{rel}","templated":true}]}}